{"id":222,"date":"2019-02-06T17:24:48","date_gmt":"2019-02-06T16:24:48","guid":{"rendered":"https:\/\/www.cabinet-anatole.fr\/?page_id=222"},"modified":"2021-03-29T12:24:49","modified_gmt":"2021-03-29T10:24:49","slug":"reeducation-fonctionnelle","status":"publish","type":"page","link":"https:\/\/www.cabinet-anatole.fr\/en\/anna-ferry-kinesitherapeute-physiotherapist\/reeducation-fonctionnelle\/","title":{"rendered":"Pathologie des musiciens"},"content":{"rendered":"<div class=\"flex_column av_one_full  flex_column_div av-zero-column-padding first  \" style='border-radius:0px; '><section class=\"av_textblock_section \"  itemscope=\"itemscope\" itemtype=\"https:\/\/schema.org\/CreativeWork\" ><div class='avia_textblock  '   itemprop=\"text\" ><h2 style=\"text-align: center;\">Pathologie des musiciens<\/h2>\n<\/div><\/section><br \/>\n<div   class='hr hr-default  '><span class='hr-inner ' ><span class='hr-inner-style'><\/span><\/span><\/div><\/p><\/div><div class=\"flex_column av_two_fifth  flex_column_div av-zero-column-padding first  \" style='border-radius:0px; '><\/div><\/p>\n<div class=\"flex_column av_three_fifth  flex_column_div av-zero-column-padding   \" style='border-radius:0px; '><section class=\"av_textblock_section \"  itemscope=\"itemscope\" itemtype=\"https:\/\/schema.org\/CreativeWork\" ><div class='avia_textblock  '   itemprop=\"text\" ><p>Bien des musiciens connaissent au cours de leur pratique des probl\u00e8mes de sant\u00e9 li\u00e9s \u00e0 leur jeu instrumental, les obligeant parfois \u00e0 interrompre cette pratique musicale. Et m\u00eame si elles sont sans gravit\u00e9, ces difficult\u00e9s passag\u00e8res sont mal support\u00e9es par les musiciens qui, dans leurqu\u00eate de perfection, y voient une menace sur la qualit\u00e9 de leur jeu.<\/p>\n<p>Tout d\u2019abord, pour d\u00e9finir des strat\u00e9gies de pr\u00e9vention, il conviendra d\u2019analyser les facteurs de risques, qui peuvent \u00eatre individuels (sexe, \u00e2ge, morphologie,ant\u00e9c\u00e9dents traumatiques ou pathologiques, profil et psychique)ou li\u00e9s \u00e0 l\u2019instrument jou\u00e9 ou aux conditions de la pratique (apprentissage, jeu amateur, niveau d\u2019exercice professionnel, type de musique jou\u00e9e, etc.). De plus, une connaissance approfondie des pathologies qui affectent les musiciens (troubles musculo-tendineux et articulaires, compressions nerveuses, dystonies de fonction) permet d\u2019en d\u00e9duire des \u00e9l\u00e9ments de pr\u00e9vention essentiels pour que les musiciens exercent leur art de fa\u00e7on saine tout au long de leur vie.<\/p>\n<\/div><\/section><\/div>\n","protected":false},"excerpt":{"rendered":"[:fr] [:en] [:]","protected":false},"author":1,"featured_media":0,"parent":212,"menu_order":0,"comment_status":"closed","ping_status":"closed","template":"","meta":[],"yoast_head":"<!-- This site is optimized with the Yoast SEO plugin v17.8 - https:\/\/yoast.com\/wordpress\/plugins\/seo\/ -->\n<title>Pathologie des musiciens - Anna Ferry<\/title>\n<meta name=\"robots\" content=\"index, follow, max-snippet:-1, max-image-preview:large, max-video-preview:-1\" \/>\n<link rel=\"canonical\" href=\"https:\/\/www.cabinet-anatole.fr\/anna-ferry-kinesitherapeute-physiotherapist\/reeducation-fonctionnelle\/\" \/>\n<meta property=\"og:locale\" content=\"en_US\" \/>\n<meta property=\"og:type\" content=\"article\" \/>\n<meta property=\"og:title\" content=\"Pathologie des musiciens\" \/>\n<meta property=\"og:url\" content=\"https:\/\/www.cabinet-anatole.fr\/anna-ferry-kinesitherapeute-physiotherapist\/reeducation-fonctionnelle\/\" \/>\n<meta property=\"og:site_name\" content=\"Anna Ferry\" \/>\n<meta property=\"article:modified_time\" content=\"2021-03-29T10:24:49+00:00\" \/>\n<meta name=\"twitter:card\" content=\"summary_large_image\" \/>\n<meta name=\"twitter:label1\" content=\"Est. reading time\" \/>\n\t<meta name=\"twitter:data1\" content=\"6 minutes\" \/>\n<script type=\"application\/ld+json\" class=\"yoast-schema-graph\">{\"@context\":\"https:\/\/schema.org\",\"@graph\":[{\"@type\":\"WebSite\",\"@id\":\"https:\/\/www.cabinet-anatole.fr\/#website\",\"url\":\"https:\/\/www.cabinet-anatole.fr\/\",\"name\":\"Anna Ferry\",\"description\":\"Votre centre de kin\\u00e9sith\\u00e9rapie\",\"potentialAction\":[{\"@type\":\"SearchAction\",\"target\":{\"@type\":\"EntryPoint\",\"urlTemplate\":\"https:\/\/www.cabinet-anatole.fr\/?s={search_term_string}\"},\"query-input\":\"required name=search_term_string\"}],\"inLanguage\":\"en-US\"},{\"@type\":\"WebPage\",\"@id\":\"https:\/\/www.cabinet-anatole.fr\/anna-ferry-kinesitherapeute-physiotherapist\/reeducation-fonctionnelle\/#webpage\",\"url\":\"https:\/\/www.cabinet-anatole.fr\/anna-ferry-kinesitherapeute-physiotherapist\/reeducation-fonctionnelle\/\",\"name\":\"[:fr]R\\u00e9\\u00e9ducation fonctionnelle[:en]Pathologie des musiciens[:] - Anna Ferry\",\"isPartOf\":{\"@id\":\"https:\/\/www.cabinet-anatole.fr\/#website\"},\"datePublished\":\"2019-02-06T16:24:48+00:00\",\"dateModified\":\"2021-03-29T10:24:49+00:00\",\"breadcrumb\":{\"@id\":\"https:\/\/www.cabinet-anatole.fr\/anna-ferry-kinesitherapeute-physiotherapist\/reeducation-fonctionnelle\/#breadcrumb\"},\"inLanguage\":\"en-US\",\"potentialAction\":[{\"@type\":\"ReadAction\",\"target\":[\"https:\/\/www.cabinet-anatole.fr\/anna-ferry-kinesitherapeute-physiotherapist\/reeducation-fonctionnelle\/\"]}]},{\"@type\":\"BreadcrumbList\",\"@id\":\"https:\/\/www.cabinet-anatole.fr\/anna-ferry-kinesitherapeute-physiotherapist\/reeducation-fonctionnelle\/#breadcrumb\",\"itemListElement\":[{\"@type\":\"ListItem\",\"position\":1,\"name\":\"Accueil\",\"item\":\"https:\/\/www.cabinet-anatole.fr\/\"},{\"@type\":\"ListItem\",\"position\":2,\"name\":\"Anna Ferry\",\"item\":\"https:\/\/www.cabinet-anatole.fr\/anna-ferry-kinesitherapeute-physiotherapist\/\"},{\"@type\":\"ListItem\",\"position\":3,\"name\":\"R\\u00e9\\u00e9ducation fonctionnelle\"}]}]}<\/script>\n<!-- \/ Yoast SEO plugin. -->","yoast_head_json":{"title":"Pathologie des musiciens - Anna Ferry","robots":{"index":"index","follow":"follow","max-snippet":"max-snippet:-1","max-image-preview":"max-image-preview:large","max-video-preview":"max-video-preview:-1"},"canonical":"https:\/\/www.cabinet-anatole.fr\/anna-ferry-kinesitherapeute-physiotherapist\/reeducation-fonctionnelle\/","og_locale":"en_US","og_type":"article","og_title":"[:fr]R\u00e9\u00e9ducation fonctionnelle[:en]Pathologie des musiciens[:] - Anna Ferry","og_url":"https:\/\/www.cabinet-anatole.fr\/anna-ferry-kinesitherapeute-physiotherapist\/reeducation-fonctionnelle\/","og_site_name":"Anna Ferry","article_modified_time":"2021-03-29T10:24:49+00:00","twitter_card":"summary_large_image","twitter_misc":{"Est. reading time":"6 minutes"},"schema":{"@context":"https:\/\/schema.org","@graph":[{"@type":"WebSite","@id":"https:\/\/www.cabinet-anatole.fr\/#website","url":"https:\/\/www.cabinet-anatole.fr\/","name":"Anna Ferry","description":"Votre centre de kin\u00e9sith\u00e9rapie","potentialAction":[{"@type":"SearchAction","target":{"@type":"EntryPoint","urlTemplate":"https:\/\/www.cabinet-anatole.fr\/?s={search_term_string}"},"query-input":"required name=search_term_string"}],"inLanguage":"en-US"},{"@type":"WebPage","@id":"https:\/\/www.cabinet-anatole.fr\/anna-ferry-kinesitherapeute-physiotherapist\/reeducation-fonctionnelle\/#webpage","url":"https:\/\/www.cabinet-anatole.fr\/anna-ferry-kinesitherapeute-physiotherapist\/reeducation-fonctionnelle\/","name":"[:fr]R\u00e9\u00e9ducation fonctionnelle[:en]Pathologie des musiciens[:] - Anna Ferry","isPartOf":{"@id":"https:\/\/www.cabinet-anatole.fr\/#website"},"datePublished":"2019-02-06T16:24:48+00:00","dateModified":"2021-03-29T10:24:49+00:00","breadcrumb":{"@id":"https:\/\/www.cabinet-anatole.fr\/anna-ferry-kinesitherapeute-physiotherapist\/reeducation-fonctionnelle\/#breadcrumb"},"inLanguage":"en-US","potentialAction":[{"@type":"ReadAction","target":["https:\/\/www.cabinet-anatole.fr\/anna-ferry-kinesitherapeute-physiotherapist\/reeducation-fonctionnelle\/"]}]},{"@type":"BreadcrumbList","@id":"https:\/\/www.cabinet-anatole.fr\/anna-ferry-kinesitherapeute-physiotherapist\/reeducation-fonctionnelle\/#breadcrumb","itemListElement":[{"@type":"ListItem","position":1,"name":"Accueil","item":"https:\/\/www.cabinet-anatole.fr\/"},{"@type":"ListItem","position":2,"name":"Anna Ferry","item":"https:\/\/www.cabinet-anatole.fr\/anna-ferry-kinesitherapeute-physiotherapist\/"},{"@type":"ListItem","position":3,"name":"R\u00e9\u00e9ducation fonctionnelle"}]}]}},"_links":{"self":[{"href":"https:\/\/www.cabinet-anatole.fr\/en\/wp-json\/wp\/v2\/pages\/222"}],"collection":[{"href":"https:\/\/www.cabinet-anatole.fr\/en\/wp-json\/wp\/v2\/pages"}],"about":[{"href":"https:\/\/www.cabinet-anatole.fr\/en\/wp-json\/wp\/v2\/types\/page"}],"author":[{"embeddable":true,"href":"https:\/\/www.cabinet-anatole.fr\/en\/wp-json\/wp\/v2\/users\/1"}],"replies":[{"embeddable":true,"href":"https:\/\/www.cabinet-anatole.fr\/en\/wp-json\/wp\/v2\/comments?post=222"}],"version-history":[{"count":18,"href":"https:\/\/www.cabinet-anatole.fr\/en\/wp-json\/wp\/v2\/pages\/222\/revisions"}],"predecessor-version":[{"id":798,"href":"https:\/\/www.cabinet-anatole.fr\/en\/wp-json\/wp\/v2\/pages\/222\/revisions\/798"}],"up":[{"embeddable":true,"href":"https:\/\/www.cabinet-anatole.fr\/en\/wp-json\/wp\/v2\/pages\/212"}],"wp:attachment":[{"href":"https:\/\/www.cabinet-anatole.fr\/en\/wp-json\/wp\/v2\/media?parent=222"}],"curies":[{"name":"wp","href":"https:\/\/api.w.org\/{rel}","templated":true}]}}