{"id":813,"date":"2021-05-27T17:54:46","date_gmt":"2021-05-27T15:54:46","guid":{"rendered":"https:\/\/www.cabinet-anatole.fr\/?page_id=813"},"modified":"2021-05-28T16:32:02","modified_gmt":"2021-05-28T14:32:02","slug":"mentions-legales","status":"publish","type":"page","link":"https:\/\/www.cabinet-anatole.fr\/en\/mentions-legales\/","title":{"rendered":"MENTIONS LEGALES"},"content":{"rendered":"<section class=\"av_textblock_section \"  itemscope=\"itemscope\" itemtype=\"https:\/\/schema.org\/CreativeWork\" ><div class='avia_textblock  '   itemprop=\"text\" ><h2>Informations g\u00e9n\u00e9rales<\/h2>\n<h3><strong>Editeur du Site<\/strong><\/h3>\n<p><strong>Nom :<\/strong> Anna Ferry<br \/>\n<strong>Adresse : <\/strong>3 rue Anatole de la Forge<br \/>\n<strong>Code postal :<\/strong> 75017<br \/>\n<strong>Ville<\/strong> : Paris<\/p>\n<h3><strong>1.2. Activit\u00e9<\/strong><\/h3>\n<p>Num\u00e9ro d&#8217;inscription au Conseil National de l&#8217;Ordre des Masseurs Kin\u00e9sith\u00e9rapeutes de<\/p>\n<p>Membre d&#8217;une Association de Gestion Agr\u00e9\u00e9e<\/p>\n<h3><strong>1.3. Site internet<\/strong><\/h3>\n<p>Le site internet est h\u00e9berg\u00e9 sur le domaine : https:\/\/cabinet-anatole.fr<\/p>\n<p>Le praticien est responsable du contenu r\u00e9dactionnel du pr\u00e9sent site.<\/p>\n<p>Tout utilisateur ou visiteur du site web ne peut mettre en place un hyperlien en direction de ce site sans l\u2019autorisation expresse et pr\u00e9alable du site <a href=\"https:\/\/cabinet-anatole.fr\" target=\"_blank\" rel=\"noopener\">https:\/\/cabinet-anatole.fr<\/a><br \/>\nToute utilisation ou reproduction, m\u00eame partielle, d\u2019un des \u00e9l\u00e9ments du site <a href=\"https:\/\/cabinet-anatole.fr\" target=\"_blank\" rel=\"noopener\">https:\/\/cabinet-anatole.fr<\/a> \u00a0(textes et images) sont formellement interdits, sauf autorisation expresse des auteurs du site.<\/p>\n<h3><strong>Responsable de la publication<\/strong><\/h3>\n<p><strong>Responsable de la publication : <\/strong>Anna Ferry<br \/>\n<strong>Email :<\/strong> ferry_anna@hotmail.com<br \/>\n<strong>Ville du tribunal de comp\u00e9tence en cas de litige :<\/strong> Paris<\/p>\n<h3><strong>Agence \/ Webmaster<\/strong><\/h3>\n<p><strong>Entreprise : <\/strong>A BOITE A SOLEIL<br \/>\n<strong>Adresse :<\/strong> 2 avenue Milleret de Brou<br \/>\n<strong>Code postal :<\/strong> 75016<br \/>\n<strong>Ville :<\/strong> Paris<br \/>\n<strong>Pays :<\/strong>\u00a0France<br \/>\n<strong>Email :<\/strong> <a href=\"mailto:cg@laboiteasoleil.com\">cg@laboiteasoleil.com<\/a><br \/>\n<strong>T\u00e9l. :<\/strong> 33 (0)1 45 24 01 82<\/p>\n<h3><strong>H\u00e9bergement<\/strong><\/h3>\n<p><strong>Entreprise :<\/strong> GANDI<br \/>\n<strong>Adresse : <\/strong><span class=\"LrzXr\">63-65 Boulevard Mass\u00e9na<\/span><br \/>\n<strong>Code postal :<\/strong> 75013<br \/>\n<strong>Ville :<\/strong> Paris<br \/>\n<strong>Pays :<\/strong>\u00a0France<\/p>\n<h2><strong>Traitement des donn\u00e9es personnelles<\/strong><\/h2>\n<p>Les donn\u00e9es collect\u00e9es sur ce site internet, lorsque que vous envoyez une demande sont les champs du formulaire. Exemples : nom, pr\u00e9nom, t\u00e9l\u00e9phone, adresse physique et \u00e9lectronique, profession, d\u00e9tail de la demande,&#8230;<\/p>\n<p>Le responsable du site utilisera uniquement les donn\u00e9es que vous avez transmises pour r\u00e9pondre \u00e0 votre demande. Il est responsable du traitement de ces donn\u00e9es \u00e0 carat\u00e8re personnel.<br \/>\nLes donn\u00e9es seront conserv\u00e9es pendant 3 ans au plus.<br \/>\nLes donn\u00e9es ne seront pas communiqu\u00e9es \u00e0 des tiers.<br \/>\nVous pouvez demander de corriger ou d&#8217;effacer vos donn\u00e9es personnelles en envoyant un mail ou via le formulaire de contact du site en pr\u00e9cisant &#8220;Traitement des donn\u00e9es personnelles&#8221;.<br \/>\nDans le corps du mail, vous devrez pr\u00e9ciser votre nom, pr\u00e9nom, votre adresse mail, ainsi que le d\u00e9tail de votre demande.<\/p>\n<p>Nous vous invitons \u00e0 contacter le responsable du site si vous pensez que vos donn\u00e9es personnelles n\u2019ont pas \u00e9t\u00e9 trait\u00e9es correctement ou si nous n&#8217;avons pas satisfaits \u00e0 vos exigences.<\/p>\n<p><strong>Les Cookies<\/strong><\/p>\n<p>Les cookies sont de petits fichiers textes qui sont enregistr\u00e9s temporairement sur votre ordinateur ou votre t\u00e9l\u00e9phone mobile lorsque vous visitez un site web. Ils sont g\u00e9n\u00e9ralement utilis\u00e9s pour faire fonctionner des sites Internet ou am\u00e9liorer l\u2019efficacit\u00e9 de leur fonctionnement. Les cookies aident les sites Internet \u00e0 reconna\u00eetre votre appareil et \u00e0 retenir les informations relatives \u00e0 votre visite (par ex. votre langue pr\u00e9f\u00e9rentielle, police privil\u00e9gi\u00e9e et autres pr\u00e9f\u00e9rences). La plupart des navigateurs Internet sont configur\u00e9s pour accepter les cookies, mais vous pouvez modifier cette configuration pour refuser les cookies ou \u00eatre alert\u00e9 lorsqu&#8217;un cookie est envoy\u00e9. Notez toutefois que certaines parties de notre Site Internet pourraient ne pas fonctionner correctement si vous refusez les cookies.<\/p>\n<p>Nous n\u2019utilisons pas les cookies pour vous suivre ou vous identifier personnellement, mais pour faciliter la navigation sur le site internet.<\/p>\n<p>La plupart des navigateurs vous permettent de g\u00e9rer vos pr\u00e9f\u00e9rences en mati\u00e8re de cookies en changeant les param\u00e8tres de votre navigateur. Si vous acceptez nos cookies mais souhaitez par la suite retirer votre consentement, vous pouvez d\u00e9sactiver tous les cookies d\u00e9j\u00e0 pr\u00e9sents sur votre ordinateur et modifier les param\u00e8tres de votre navigateur pour les bloquer \u00e0 l\u2019avenir. Veuillez consulter la fonction \u00ab Aide \u00bb de votre navigateur pour plus de pr\u00e9cisions.<\/p>\n<p><strong>Google Analytics<\/strong><\/p>\n<p>Ce site utilise Google Analytics, un service d\u2019analyse de site internet fourni par Google Inc. (\u00ab Google \u00bb). Google Analytics utilise des cookies, qui sont des fichiers texte plac\u00e9s sur votre ordinateur, pour aider le site internet \u00e0 analyser l\u2019utilisation du site par ses utilisateurs.<\/p>\n<p>Les donn\u00e9es g\u00e9n\u00e9r\u00e9es par les cookies concernant votre utilisation du site (y compris votre adresse IP) seront transmises et stock\u00e9es par Google sur des serveurs situ\u00e9s aux Etats-Unis. Google utilisera cette information dans le but d\u2019\u00e9valuer votre utilisation du site, de compiler des rapports sur l\u2019activit\u00e9 du site \u00e0 destination de son \u00e9diteur et de fournir d\u2019autres services relatifs \u00e0 l\u2019activit\u00e9 du site et \u00e0 l\u2019utilisation d\u2019Internet.<\/p>\n<p>Google est susceptible de communiquer ces donn\u00e9es \u00e0 des tiers en cas d\u2019obligation l\u00e9gale ou lorsque ces tiers traitent ces donn\u00e9es pour le compte de Google, y compris notamment l\u2019\u00e9diteur de ce site. Google ne recoupera pas votre adresse IP avec toute autre donn\u00e9e d\u00e9tenue par Google.<\/p>\n<p>Vous pouvez d\u00e9sactiver l\u2019utilisation de cookies en s\u00e9lectionnant les param\u00e8tres appropri\u00e9s de votre navigateur. Cependant, une telle d\u00e9sactivation pourrait emp\u00eacher l\u2019utilisation de certaines fonctionnalit\u00e9s de ce site.<\/p>\n<p>En utilisant ce site internet, vous consentez express\u00e9ment au traitement de vos donn\u00e9es nominatives par Google dans les conditions et pour les finalit\u00e9s d\u00e9crites ci-dessus.<\/p>\n<\/div><\/section>\n","protected":false},"excerpt":{"rendered":"[:fr] [:]","protected":false},"author":4,"featured_media":0,"parent":0,"menu_order":0,"comment_status":"closed","ping_status":"closed","template":"","meta":[],"yoast_head":"<!-- This site is optimized with the Yoast SEO plugin v17.8 - https:\/\/yoast.com\/wordpress\/plugins\/seo\/ -->\n<title>MENTIONS LEGALES - Anna Ferry<\/title>\n<meta name=\"robots\" content=\"index, follow, max-snippet:-1, max-image-preview:large, max-video-preview:-1\" \/>\n<link rel=\"canonical\" href=\"https:\/\/www.cabinet-anatole.fr\/mentions-legales\/\" \/>\n<meta property=\"og:locale\" content=\"en_US\" \/>\n<meta property=\"og:type\" content=\"article\" \/>\n<meta property=\"og:title\" content=\"MENTIONS LEGALES\" \/>\n<meta property=\"og:url\" content=\"https:\/\/www.cabinet-anatole.fr\/mentions-legales\/\" \/>\n<meta property=\"og:site_name\" content=\"Anna Ferry\" \/>\n<meta property=\"article:modified_time\" content=\"2021-05-28T14:32:02+00:00\" \/>\n<meta name=\"twitter:card\" content=\"summary_large_image\" \/>\n<meta name=\"twitter:label1\" content=\"Est. reading time\" \/>\n\t<meta name=\"twitter:data1\" content=\"4 minutes\" \/>\n<script type=\"application\/ld+json\" class=\"yoast-schema-graph\">{\"@context\":\"https:\/\/schema.org\",\"@graph\":[{\"@type\":\"WebSite\",\"@id\":\"https:\/\/www.cabinet-anatole.fr\/#website\",\"url\":\"https:\/\/www.cabinet-anatole.fr\/\",\"name\":\"Anna Ferry\",\"description\":\"Votre centre de kin\\u00e9sith\\u00e9rapie\",\"potentialAction\":[{\"@type\":\"SearchAction\",\"target\":{\"@type\":\"EntryPoint\",\"urlTemplate\":\"https:\/\/www.cabinet-anatole.fr\/?s={search_term_string}\"},\"query-input\":\"required name=search_term_string\"}],\"inLanguage\":\"en-US\"},{\"@type\":\"WebPage\",\"@id\":\"https:\/\/www.cabinet-anatole.fr\/mentions-legales\/#webpage\",\"url\":\"https:\/\/www.cabinet-anatole.fr\/mentions-legales\/\",\"name\":\"[:fr]MENTIONS LEGALES[:] - Anna Ferry\",\"isPartOf\":{\"@id\":\"https:\/\/www.cabinet-anatole.fr\/#website\"},\"datePublished\":\"2021-05-27T15:54:46+00:00\",\"dateModified\":\"2021-05-28T14:32:02+00:00\",\"breadcrumb\":{\"@id\":\"https:\/\/www.cabinet-anatole.fr\/mentions-legales\/#breadcrumb\"},\"inLanguage\":\"en-US\",\"potentialAction\":[{\"@type\":\"ReadAction\",\"target\":[\"https:\/\/www.cabinet-anatole.fr\/mentions-legales\/\"]}]},{\"@type\":\"BreadcrumbList\",\"@id\":\"https:\/\/www.cabinet-anatole.fr\/mentions-legales\/#breadcrumb\",\"itemListElement\":[{\"@type\":\"ListItem\",\"position\":1,\"name\":\"Accueil\",\"item\":\"https:\/\/www.cabinet-anatole.fr\/\"},{\"@type\":\"ListItem\",\"position\":2,\"name\":\"MENTIONS LEGALES\"}]}]}<\/script>\n<!-- \/ Yoast SEO plugin. -->","yoast_head_json":{"title":"MENTIONS LEGALES - Anna Ferry","robots":{"index":"index","follow":"follow","max-snippet":"max-snippet:-1","max-image-preview":"max-image-preview:large","max-video-preview":"max-video-preview:-1"},"canonical":"https:\/\/www.cabinet-anatole.fr\/mentions-legales\/","og_locale":"en_US","og_type":"article","og_title":"[:fr]MENTIONS LEGALES[:] - Anna Ferry","og_url":"https:\/\/www.cabinet-anatole.fr\/mentions-legales\/","og_site_name":"Anna Ferry","article_modified_time":"2021-05-28T14:32:02+00:00","twitter_card":"summary_large_image","twitter_misc":{"Est. reading time":"4 minutes"},"schema":{"@context":"https:\/\/schema.org","@graph":[{"@type":"WebSite","@id":"https:\/\/www.cabinet-anatole.fr\/#website","url":"https:\/\/www.cabinet-anatole.fr\/","name":"Anna Ferry","description":"Votre centre de kin\u00e9sith\u00e9rapie","potentialAction":[{"@type":"SearchAction","target":{"@type":"EntryPoint","urlTemplate":"https:\/\/www.cabinet-anatole.fr\/?s={search_term_string}"},"query-input":"required name=search_term_string"}],"inLanguage":"en-US"},{"@type":"WebPage","@id":"https:\/\/www.cabinet-anatole.fr\/mentions-legales\/#webpage","url":"https:\/\/www.cabinet-anatole.fr\/mentions-legales\/","name":"[:fr]MENTIONS LEGALES[:] - Anna Ferry","isPartOf":{"@id":"https:\/\/www.cabinet-anatole.fr\/#website"},"datePublished":"2021-05-27T15:54:46+00:00","dateModified":"2021-05-28T14:32:02+00:00","breadcrumb":{"@id":"https:\/\/www.cabinet-anatole.fr\/mentions-legales\/#breadcrumb"},"inLanguage":"en-US","potentialAction":[{"@type":"ReadAction","target":["https:\/\/www.cabinet-anatole.fr\/mentions-legales\/"]}]},{"@type":"BreadcrumbList","@id":"https:\/\/www.cabinet-anatole.fr\/mentions-legales\/#breadcrumb","itemListElement":[{"@type":"ListItem","position":1,"name":"Accueil","item":"https:\/\/www.cabinet-anatole.fr\/"},{"@type":"ListItem","position":2,"name":"MENTIONS LEGALES"}]}]}},"_links":{"self":[{"href":"https:\/\/www.cabinet-anatole.fr\/en\/wp-json\/wp\/v2\/pages\/813"}],"collection":[{"href":"https:\/\/www.cabinet-anatole.fr\/en\/wp-json\/wp\/v2\/pages"}],"about":[{"href":"https:\/\/www.cabinet-anatole.fr\/en\/wp-json\/wp\/v2\/types\/page"}],"author":[{"embeddable":true,"href":"https:\/\/www.cabinet-anatole.fr\/en\/wp-json\/wp\/v2\/users\/4"}],"replies":[{"embeddable":true,"href":"https:\/\/www.cabinet-anatole.fr\/en\/wp-json\/wp\/v2\/comments?post=813"}],"version-history":[{"count":10,"href":"https:\/\/www.cabinet-anatole.fr\/en\/wp-json\/wp\/v2\/pages\/813\/revisions"}],"predecessor-version":[{"id":830,"href":"https:\/\/www.cabinet-anatole.fr\/en\/wp-json\/wp\/v2\/pages\/813\/revisions\/830"}],"wp:attachment":[{"href":"https:\/\/www.cabinet-anatole.fr\/en\/wp-json\/wp\/v2\/media?parent=813"}],"curies":[{"name":"wp","href":"https:\/\/api.w.org\/{rel}","templated":true}]}}